{"id":24,"date":"2016-11-16T23:26:33","date_gmt":"2016-11-16T23:26:33","guid":{"rendered":"https:\/\/lnhambaravi.ee?page_id=24"},"modified":"2022-10-14T07:16:49","modified_gmt":"2022-10-14T07:16:49","slug":"kontakt","status":"publish","type":"page","link":"https:\/\/www.lnhambaravi.ee\/et\/kontakt\/","title":{"rendered":"Leia meid"},"content":{"rendered":"<div class=\"row\">\n<div class=\"col-md-7 contact-text\">\n<p><strong>LN Hambaravi<\/strong>&nbsp;asub <strong>KENTMANNI HAMMASTERAVI<sup>\u00ae<\/sup><\/strong> ruumides. Asume Tallinna s\u00fcdalinnas Kentmanni t\u00e4nav 6, 2 korrusel. Sisenemisel palume sissep\u00e4\u00e4sus\u00fcsteemi abil v\u00f5tta \u00fchendust hambaravi administraatoriga, kes avab Teile ukse.<\/p>\n<\/div>\n<div class=\"col-md-offset-1 col-md-4\">\n<div class=\"contact-data\">\n<p><strong>Telefon:<\/strong><br \/>\n<a href=\"tel:+37256966868\">+372 5696 6868<\/a><\/p>\n<p><strong>E-post:<\/strong><br \/>\n<a href=\"mailto:info@lnhambaravi.ee\">info@lnhambaravi.ee<\/a><\/p>\n<p><strong>Aadress:<\/strong><br \/>\nKentmanni tn. 6, Tallinn 10116<\/p>\n<p><strong>Parkimine ja \u00fchistransport:<\/strong><br \/>\n<a href=\"http:\/\/kaart.tallinn.ee\/Tallinn\/Show?REQUEST=Main&amp;BG=0&amp;BBOX=540033.6,6587271.6,544859.6,6589762.9&amp;LAYERS=1069,1000&amp;STYLES=,&amp;lang=est\" target=\"_blank\" rel=\"noopener\">Parklad ja hinnad<\/a><br \/>\n<a href=\"http:\/\/soiduplaan.tallinn.ee\/#plan\/\/59.43166;24.74992\/map\" target=\"_blank\" rel=\"noopener\">\u00dchistransport<\/a><\/p>\n<\/div>\n<\/div>\n<\/div>\n<div class=\"row\">\n<div class=\"col-sm-12\">\n<h2>Asukoht kaardil<\/h2>\n        <div class=\"gmwd_container_wrapper\">            <div class=\"gmwd_container\">                <div id=\"gmwd_container_1\">                    <script>                        if(typeof gmwdmapData == 'undefined'){                            var gmwdmapData = [];                         }                                                                gmwdmapData[\"widget\" + '1'] = \"\";                                           gmwdmapData[\"mapId\" + '1'] = Number(\"1\");                                           gmwdmapData[\"centerLat\" + '1'] = Number(\"59.43175701850958\");                        gmwdmapData[\"centerLng\" + '1'] = Number(\"24.749415472352666\");\t                        gmwdmapData[\"zoom\" + '1'] = Number(\"15\");                        gmwdmapData[\"mapType\" + '1'] = \"0\";                        gmwdmapData[\"maxZoom\" + '1'] = Number(\"22\");                        gmwdmapData[\"minZoom\" + '1'] = Number(\"2\");                        gmwdmapData[\"mapWhellScrolling\" + '1'] = Number(\"0\") == 1 ? true : false;\t\t\t\t                        gmwdmapData[\"infoWindowOpenOn\" + '1'] = \"click\" ;\t\t\t\t                        gmwdmapData[\"mapDragable\" + '1'] = Number(\"1\") == 1 ? true : false;\t                            gmwdmapData[\"mapDbClickZoom\" + '1'] = Number(\"0\") == 1 ? true : false;\t                                                            gmwdmapData[\"enableZoomControl\" + '1'] = Number(\"1\") == 1 ? true : false;                        gmwdmapData[\"enableMapTypeControl\" + '1'] = Number(\"1\") == 1 ? true : false;\t\t\t                        gmwdmapData[\"mapTypeControlOptions\" + '1'] = {};                                                gmwdmapData[\"enableScaleControl\" + '1'] = Number(\"1\") == 1 ? true : false;                        gmwdmapData[\"enableStreetViewControl\" + '1'] = Number(\"1\") == 1 ? true : false;                        gmwdmapData[\"enableFullscreenControl\" + '1'] = Number(\"0\") == 1 ? true : false;                        gmwdmapData[\"enableRotateControl\" + '1'] = Number(\"1\") == 1 ? true : false;                        gmwdmapData[\"mapTypeControlPosition\" + '1'] = Number(\"0\");                                                gmwdmapData[\"zoomControlPosition\" + '1'] = Number(\"0\");                        gmwdmapData[\"streetViewControlPosition\" + '1'] = Number(\"0\");                                                gmwdmapData[\"fullscreenControlPosition\" + '1'] = Number(\"0\");                                                gmwdmapData[\"mapTypeControlStyle\" + '1'] = Number(\"0\");\t\t\t\t                        gmwdmapData[\"mapBorderRadius\" + '1'] = \"\";                        gmwdmapData[\"enableBykeLayer\" + '1'] =  Number(\"0\");\t                        gmwdmapData[\"enableTrafficLayer\" + '1'] =  Number(\"1\");\t\t\t\t                        gmwdmapData[\"enableTransitLayer\" + '1'] =  Number(\"0\");\t                        gmwdmapData[\"geoRSSURL\" + '1'] = \"\";\t                        gmwdmapData[\"KMLURL\" + '1'] = \"\";\t                        gmwdmapData[\"fusionTableId\" + '1'] = '';\t                                        gmwdmapData[\"mapTheme\" + '1'] = '';\t\t\t                        gmwdmapData[\"mapMarkers\" + '1'] = JSON.parse('{\"8\":{\"id\":\"8\",\"map_id\":\"1\",\"lat\":\"59.431749\",\"lng\":\"24.749483899999973\",\"category\":\"0\",\"title\":\"Dr. L. Nossikova Hambaravi\",\"address\":\"Kentmanni 6, Tallinn, Estonia\",\"animation\":\"NONE\",\"enable_info_window\":\"0\",\"info_window_open\":\"0\",\"marker_size\":\"32\",\"custom_marker_url\":\"\",\"choose_marker_icon\":\"1\",\"description\":\"\",\"link_url\":\"\",\"pic_url\":\"\",\"published\":\"1\"}}');                        gmwdmapData[\"mapPolygons\" + '1'] =  JSON.parse('[]');                        gmwdmapData[\"mapPolylines\" + '1'] = JSON.parse('[]');                                                gmwdmapData[\"enableCategoryFilter\" + '1'] = \"0\";                                                gmwdmapData[\"enableDirections\" + '1'] = \"0\";                        gmwdmapData[\"enableStoreLocatior\" + '1'] = \"0\";                        gmwdmapData[\"storeLocatorDistanceIn\" + '1'] = \"km\";                                                gmwdmapData[\"storeLocatorStrokeWidth\" + '1'] = Number(\"2\");                        gmwdmapData[\"storeLocatorFillColor\" + '1'] = \"#\" + \"7FDF16\";                        gmwdmapData[\"storeLocatorFillOpacity\" + '1'] = Number(\"0.3\");                        gmwdmapData[\"storeLocatorLineColor\" + '1'] = \"#\" + \"000\";                        gmwdmapData[\"storeLocatorLineOpacity\" + '1'] = Number(\"0.6\");                                                gmwdmapData[\"markerListingType\" + '1'] = \"0\";                        gmwdmapData[\"markerListInsideMap\" + '1'] = \"0\";                        gmwdmapData[\"markerListPosition\" + '1'] = Number(\"0\");                        gmwdmapData[\"infoWindowInfo\" + '1'] = \"title,address,desc,pic\";                        gmwdmapData[\"advancedInfoWindowPosition\" + '1'] = Number(\"10\");                        gmwdmapData[\"geolocateUser\" + '1'] = Number(\"1\");                        gmwdmapData[\"items\" + '1'] = \"3\";                                                gmwdmapData[\"enableSerchBox\" + '1'] = \"0\";                        gmwdmapData[\"serchBoxPosition\" + '1'] = Number(\"3\");                                                gmwdmapData[\"allMarkers\" + '1'] = [];                               gmwdmapData[\"allPolygons\" + '1'] = [];                        gmwdmapData[\"allPolygonMarkers\" + '1'] = [];                        gmwdmapData[\"allPolylines\" + '1'] = [];                        gmwdmapData[\"allPolylineMarkers\" + '1'] = [];                        gmwdmapData[\"infoWindows\" + '1'] = [];                        gmwdmapData[\"ajaxData\" + '1']  = {};                                                var ajaxURL = \"https:\/\/www.lnhambaravi.ee\/wp-admin\/admin-ajax.php\";                        var markerDefaultIcon = \"\";                        var GMWD_URL = \"https:\/\/www.lnhambaravi.ee\/wp-content\/plugins\/wd-google-maps\";                        jQuery( document ).ready(function() {\t\t\t\t\t                            gmwdInitMainMap(\"wd-map1\",false, '1');                            gmwdReadyFunction('1');                        });                    <\/script>                                        <div class=\"wd-clear\">                        <div id=\"wd-map1\" class=\"wd-row \" style=\"margin-right:auto; margin-left:auto; height:400px; width:100%\"><\/div>                    <\/div>                                                                <\/div>            <\/div>\t\t<\/div>\t\t\n<\/div>\n<\/div>\n<div class=\"row\">\n<div class=\"col-sm-12\">\n<h2>Fotogalerii<\/h2>\n<div id=\"jig1\" class=\"justified-image-grid jig-97d33c2c6e586420b123b0522b710ded jig-preset-global jig-source-wp-gallery\"><div class=\"jig-clearfix\"><\/div><noscript id=\"jig1-html\" class=\"justified-image-grid-html\" data-lazy-src=\"skiplazyload\" data-src=\"skipunveillazyload\"><ul><li><a href=\"https:\/\/www.lnhambaravi.ee\/wp-content\/uploads\/2016\/11\/lnhambaravi-003.jpg\"><img loading=\"lazy\" decoding=\"async\" src=\"https:\/\/www.lnhambaravi.ee\/wp-content\/plugins\/justified-image-grid\/timthumb.php?src=https%3A%2F%2Fwww.lnhambaravi.ee%2Fwp-content%2Fuploads%2F2016%2F11%2Flnhambaravi-003.jpg&amp;h=230&amp;q=90&amp;f=.jpg\" alt=\"lnhambaravi-003\" width=\"345\" height=\"230\" \/><\/a><p class=\"jig-HTMLdescription\">lnhambaravi-003<\/p><\/li><li><a href=\"https:\/\/www.lnhambaravi.ee\/wp-content\/uploads\/2016\/11\/lnhambaravi-004.jpg\"><img loading=\"lazy\" decoding=\"async\" src=\"https:\/\/www.lnhambaravi.ee\/wp-content\/plugins\/justified-image-grid\/timthumb.php?src=https%3A%2F%2Fwww.lnhambaravi.ee%2Fwp-content%2Fuploads%2F2016%2F11%2Flnhambaravi-004.jpg&amp;h=230&amp;q=90&amp;f=.jpg\" alt=\"lnhambaravi-004\" width=\"345\" height=\"230\" \/><\/a><p class=\"jig-HTMLdescription\">lnhambaravi-004<\/p><\/li><li><a href=\"https:\/\/www.lnhambaravi.ee\/wp-content\/uploads\/2016\/11\/lnhambaravi-005.jpg\"><img loading=\"lazy\" decoding=\"async\" src=\"https:\/\/www.lnhambaravi.ee\/wp-content\/plugins\/justified-image-grid\/timthumb.php?src=https%3A%2F%2Fwww.lnhambaravi.ee%2Fwp-content%2Fuploads%2F2016%2F11%2Flnhambaravi-005.jpg&amp;h=230&amp;q=90&amp;f=.jpg\" alt=\"lnhambaravi-005\" width=\"345\" height=\"230\" \/><\/a><p class=\"jig-HTMLdescription\">lnhambaravi-005<\/p><\/li><li><a href=\"https:\/\/www.lnhambaravi.ee\/wp-content\/uploads\/2016\/11\/lnhambaravi-006.jpg\"><img loading=\"lazy\" decoding=\"async\" src=\"https:\/\/www.lnhambaravi.ee\/wp-content\/plugins\/justified-image-grid\/timthumb.php?src=https%3A%2F%2Fwww.lnhambaravi.ee%2Fwp-content%2Fuploads%2F2016%2F11%2Flnhambaravi-006.jpg&amp;h=230&amp;q=90&amp;f=.jpg\" alt=\"lnhambaravi-006\" width=\"345\" height=\"230\" \/><\/a><p class=\"jig-HTMLdescription\">lnhambaravi-006<\/p><\/li><li><a href=\"https:\/\/www.lnhambaravi.ee\/wp-content\/uploads\/2016\/11\/lnhambaravi-007.jpg\"><img loading=\"lazy\" decoding=\"async\" src=\"https:\/\/www.lnhambaravi.ee\/wp-content\/plugins\/justified-image-grid\/timthumb.php?src=https%3A%2F%2Fwww.lnhambaravi.ee%2Fwp-content%2Fuploads%2F2016%2F11%2Flnhambaravi-007.jpg&amp;h=230&amp;q=90&amp;f=.jpg\" alt=\"lnhambaravi-007\" width=\"345\" height=\"230\" \/><\/a><p class=\"jig-HTMLdescription\">lnhambaravi-007<\/p><\/li><li><a href=\"https:\/\/www.lnhambaravi.ee\/wp-content\/uploads\/2016\/11\/lnhambaravi-008.jpg\"><img loading=\"lazy\" decoding=\"async\" src=\"https:\/\/www.lnhambaravi.ee\/wp-content\/plugins\/justified-image-grid\/timthumb.php?src=https%3A%2F%2Fwww.lnhambaravi.ee%2Fwp-content%2Fuploads%2F2016%2F11%2Flnhambaravi-008.jpg&amp;h=230&amp;q=90&amp;f=.jpg\" alt=\"lnhambaravi-008\" width=\"345\" height=\"230\" \/><\/a><p class=\"jig-HTMLdescription\">lnhambaravi-008<\/p><\/li><li><a href=\"https:\/\/www.lnhambaravi.ee\/wp-content\/uploads\/2016\/11\/lnhambaravi-009.jpg\"><img loading=\"lazy\" decoding=\"async\" src=\"https:\/\/www.lnhambaravi.ee\/wp-content\/plugins\/justified-image-grid\/timthumb.php?src=https%3A%2F%2Fwww.lnhambaravi.ee%2Fwp-content%2Fuploads%2F2016%2F11%2Flnhambaravi-009.jpg&amp;h=230&amp;q=90&amp;f=.jpg\" alt=\"lnhambaravi-009\" width=\"345\" height=\"230\" \/><\/a><p class=\"jig-HTMLdescription\">lnhambaravi-009<\/p><\/li><li><a href=\"https:\/\/www.lnhambaravi.ee\/wp-content\/uploads\/2016\/11\/lnhambaravi-010.jpg\"><img loading=\"lazy\" decoding=\"async\" src=\"https:\/\/www.lnhambaravi.ee\/wp-content\/plugins\/justified-image-grid\/timthumb.php?src=https%3A%2F%2Fwww.lnhambaravi.ee%2Fwp-content%2Fuploads%2F2016%2F11%2Flnhambaravi-010.jpg&amp;h=230&amp;q=90&amp;f=.jpg\" alt=\"lnhambaravi-010\" width=\"153\" height=\"230\" \/><\/a><p class=\"jig-HTMLdescription\">lnhambaravi-010<\/p><\/li><li><a href=\"https:\/\/www.lnhambaravi.ee\/wp-content\/uploads\/2016\/11\/lnhambaravi-011.jpg\"><img loading=\"lazy\" decoding=\"async\" src=\"https:\/\/www.lnhambaravi.ee\/wp-content\/plugins\/justified-image-grid\/timthumb.php?src=https%3A%2F%2Fwww.lnhambaravi.ee%2Fwp-content%2Fuploads%2F2016%2F11%2Flnhambaravi-011.jpg&amp;h=230&amp;q=90&amp;f=.jpg\" alt=\"lnhambaravi-011\" width=\"153\" height=\"230\" \/><\/a><p class=\"jig-HTMLdescription\">lnhambaravi-011<\/p><\/li><li><a href=\"https:\/\/www.lnhambaravi.ee\/wp-content\/uploads\/2016\/11\/lnhambaravi-012.jpg\"><img loading=\"lazy\" decoding=\"async\" src=\"https:\/\/www.lnhambaravi.ee\/wp-content\/plugins\/justified-image-grid\/timthumb.php?src=https%3A%2F%2Fwww.lnhambaravi.ee%2Fwp-content%2Fuploads%2F2016%2F11%2Flnhambaravi-012.jpg&amp;h=230&amp;q=90&amp;f=.jpg\" alt=\"lnhambaravi-012\" width=\"345\" height=\"230\" \/><\/a><p class=\"jig-HTMLdescription\">lnhambaravi-012<\/p><\/li><\/ul><\/noscript><\/div>\n<\/div>\n<\/div>\n","protected":false},"excerpt":{"rendered":"<p>LN Hambaravi&nbsp;asub KENTMANNI HAMMASTERAVI\u00ae ruumides. Asume Tallinna s\u00fcdalinnas Kentmanni t\u00e4nav 6, 2 korrusel. Sisenemisel palume sissep\u00e4\u00e4sus\u00fcsteemi abil v\u00f5tta \u00fchendust hambaravi administraatoriga, kes avab Teile ukse. Telefon: +372 5696 6868 E-post: info@lnhambaravi.ee Aadress: Kentmanni tn. 6, Tallinn 10116 Parkimine ja \u00fchistransport: Parklad ja hinnad \u00dchistransport Asukoht kaardil Fotogalerii<\/p>\n","protected":false},"author":1,"featured_media":0,"parent":0,"menu_order":0,"comment_status":"closed","ping_status":"closed","template":"","meta":{"footnotes":""},"class_list":["post-24","page","type-page","status-publish","hentry"],"_links":{"self":[{"href":"https:\/\/www.lnhambaravi.ee\/et\/wp-json\/wp\/v2\/pages\/24","targetHints":{"allow":["GET"]}}],"collection":[{"href":"https:\/\/www.lnhambaravi.ee\/et\/wp-json\/wp\/v2\/pages"}],"about":[{"href":"https:\/\/www.lnhambaravi.ee\/et\/wp-json\/wp\/v2\/types\/page"}],"author":[{"embeddable":true,"href":"https:\/\/www.lnhambaravi.ee\/et\/wp-json\/wp\/v2\/users\/1"}],"replies":[{"embeddable":true,"href":"https:\/\/www.lnhambaravi.ee\/et\/wp-json\/wp\/v2\/comments?post=24"}],"version-history":[{"count":5,"href":"https:\/\/www.lnhambaravi.ee\/et\/wp-json\/wp\/v2\/pages\/24\/revisions"}],"predecessor-version":[{"id":273,"href":"https:\/\/www.lnhambaravi.ee\/et\/wp-json\/wp\/v2\/pages\/24\/revisions\/273"}],"wp:attachment":[{"href":"https:\/\/www.lnhambaravi.ee\/et\/wp-json\/wp\/v2\/media?parent=24"}],"curies":[{"name":"wp","href":"https:\/\/api.w.org\/{rel}","templated":true}]}}