{"id":15,"date":"2016-11-16T22:48:38","date_gmt":"2016-11-16T22:48:38","guid":{"rendered":"https:\/\/lnhambaravi.ee?page_id=15"},"modified":"2022-10-14T07:07:52","modified_gmt":"2022-10-14T07:07:52","slug":"meist","status":"publish","type":"page","link":"https:\/\/www.lnhambaravi.ee\/et\/meist\/","title":{"rendered":"Meist"},"content":{"rendered":"<div class=\"row\">\n<div class=\"col-sm-12 contact-text\"><strong>LN hambaravi<\/strong> pakub abi k\u00f5ikides hammastega seotud k\u00fcsimustes. Kvaliteetse tulemuse saavutamiseks teeme tihedat koost\u00f6\u00f6d parimate kolleegidega ja hambalaboritega.<\/div>\n<\/div>\n<div class=\"row doctor\">\n<div class=\"col-xs-4 photo\"><img decoding=\"async\" class=\"alignnone size-full\" src=\"https:\/\/lnhambaravi.ee\/wp-content\/uploads\/2016\/11\/lnhambaravi-010.jpg\" alt=\"LN Hambaravi\" \/><\/div>\n<div class=\"col-xs-8 text\">\n<h2><span>Dr. Liidia N\u00f5mmemees<\/span><\/h2>\n<p>Dr. Liidia N\u00f5mmemees on l\u00f5petanud Tartu \u00dclikooli arstiteaduskonna hambaravi erialal 2008.a. Lisaks hambaarsti erialale on l\u00e4binud restauratiivse hambaravi residentuuri ning 2011.a. saanud hambaravi eriarsti kutse. Spetsialiseerunud hambaravile mikroskoobiga ja suukirurgiale.<\/p>\n<p>Pean oma t\u00f6\u00f6s v\u00e4ga oluliseks oma teadmiste pidevat arendamist, mist\u00f5ttu t\u00e4iendan oma oskusi erialastel koolitustel nii Eestis kui ka v\u00e4lismaal.<\/p>\n<p><a href=\"https:\/\/lnhambaravi.ee\/wp-content\/uploads\/2018\/10\/liidia-nossikova-cv.pdf\" target=\"_blank\" rel=\"noopener\">Haridus ja koolitused<\/a><\/p>\n<\/div>\n<\/div>\n","protected":false},"excerpt":{"rendered":"<p>LN hambaravi pakub abi k\u00f5ikides hammastega seotud k\u00fcsimustes. Kvaliteetse tulemuse saavutamiseks teeme tihedat koost\u00f6\u00f6d parimate kolleegidega ja hambalaboritega. Dr. Liidia N\u00f5mmemees Dr. Liidia N\u00f5mmemees on l\u00f5petanud Tartu \u00dclikooli arstiteaduskonna hambaravi erialal 2008.a. Lisaks hambaarsti erialale on l\u00e4binud restauratiivse hambaravi residentuuri ning 2011.a. saanud hambaravi eriarsti kutse. Spetsialiseerunud hambaravile mikroskoobiga ja suukirurgiale. Pean oma t\u00f6\u00f6s v\u00e4ga [&hellip;]<\/p>\n","protected":false},"author":1,"featured_media":0,"parent":0,"menu_order":0,"comment_status":"closed","ping_status":"closed","template":"","meta":{"footnotes":""},"class_list":["post-15","page","type-page","status-publish","hentry"],"_links":{"self":[{"href":"https:\/\/www.lnhambaravi.ee\/et\/wp-json\/wp\/v2\/pages\/15","targetHints":{"allow":["GET"]}}],"collection":[{"href":"https:\/\/www.lnhambaravi.ee\/et\/wp-json\/wp\/v2\/pages"}],"about":[{"href":"https:\/\/www.lnhambaravi.ee\/et\/wp-json\/wp\/v2\/types\/page"}],"author":[{"embeddable":true,"href":"https:\/\/www.lnhambaravi.ee\/et\/wp-json\/wp\/v2\/users\/1"}],"replies":[{"embeddable":true,"href":"https:\/\/www.lnhambaravi.ee\/et\/wp-json\/wp\/v2\/comments?post=15"}],"version-history":[{"count":5,"href":"https:\/\/www.lnhambaravi.ee\/et\/wp-json\/wp\/v2\/pages\/15\/revisions"}],"predecessor-version":[{"id":262,"href":"https:\/\/www.lnhambaravi.ee\/et\/wp-json\/wp\/v2\/pages\/15\/revisions\/262"}],"wp:attachment":[{"href":"https:\/\/www.lnhambaravi.ee\/et\/wp-json\/wp\/v2\/media?parent=15"}],"curies":[{"name":"wp","href":"https:\/\/api.w.org\/{rel}","templated":true}]}}